{"id":2939,"date":"2024-11-21T15:42:32","date_gmt":"2024-11-21T15:42:32","guid":{"rendered":"https:\/\/080arq.com\/avis-legal\/"},"modified":"2025-02-03T16:20:10","modified_gmt":"2025-02-03T16:20:10","slug":"avis-legal","status":"publish","type":"page","link":"https:\/\/080arq.com\/ca\/avis-legal\/","title":{"rendered":"Avis Legal"},"content":{"rendered":"\t\t<div data-elementor-type=\"wp-page\" data-elementor-id=\"2939\" class=\"elementor elementor-2939 elementor-1119\" data-elementor-post-type=\"page\">\n\t\t\t\t<div class=\"elementor-element elementor-element-9ec28d4 e-flex e-con-boxed e-con e-parent\" data-id=\"9ec28d4\" data-element_type=\"container\" data-e-type=\"container\">\n\t\t\t\t\t<div class=\"e-con-inner\">\n\t\t\t\t<div class=\"elementor-element elementor-element-13b65ad elementor-widget elementor-widget-heading\" data-id=\"13b65ad\" data-element_type=\"widget\" data-e-type=\"widget\" data-widget_type=\"heading.default\">\n\t\t\t\t<div class=\"elementor-widget-container\">\n\t\t\t\t\t<h1 class=\"elementor-heading-title elementor-size-default\">Avis Legal<\/h1>\t\t\t\t<\/div>\n\t\t\t\t<\/div>\n\t\t\t\t\t<\/div>\n\t\t\t\t<\/div>\n\t\t<div class=\"elementor-element elementor-element-aca8914 e-flex e-con-boxed e-con e-parent\" data-id=\"aca8914\" data-element_type=\"container\" data-e-type=\"container\">\n\t\t\t\t\t<div class=\"e-con-inner\">\n\t\t\t\t<div class=\"elementor-element elementor-element-1db93ce elementor-widget elementor-widget-text-editor\" data-id=\"1db93ce\" data-element_type=\"widget\" data-e-type=\"widget\" data-widget_type=\"text-editor.default\">\n\t\t\t\t<div class=\"elementor-widget-container\">\n\t\t\t\t\t\t\t\t\t<div>\n<h1><span style=\"font-size: 16px;\">1. ET DONEM LA BENVINGUDA A WWW.080ARQ.COM<\/span><\/h1>\n<div>\n<p>A 080 Arquitectura t\u2019oferim el lloc web https:\/\/www.080arq.com, i si escau, les aplicacions m\u00f2bils i altres propietats interactives que 080 Arquitectura posseeix i opera (conjuntament, la &#8220;Web&#8221;).<\/p>\n<p>L&#8217;acc\u00e9s a la Web et confereix la condici\u00f3 d\u2019\u201cUsuari\u201d, entenent com a Usuari aquell que utilitza la Web amb la finalitat d\u2019obtenir informaci\u00f3 sobre els productes i serveis que s\u2019ofereixen. En aplicaci\u00f3 i compliment del deure d\u2019informaci\u00f3 disposat a l\u2019article 10 de la Llei 34\/2002, d\u201911 de juliol, de Serveis de la Societat de la Informaci\u00f3 i de Comer\u00e7 Electr\u00f2nic, es facilita la informaci\u00f3 seg\u00fcent sobre la Web.<\/p>\n<h2>1.1 Coneix-nos<\/h2>\n<ul>\n<li>Nom o Denominaci\u00f3 Social del titular: 080 Arquitectura<\/li>\n<li>NIF\/CIF: B65326795<\/li>\n<li>Domicili social del titular: Carrer Moi\u00e0, 16, entres\u00f2l 1\u00aa, Barcelona, 08006, Espa\u00f1a<\/li>\n<li>E-mail de contacte: info@080arq.com<\/li>\n<li>Tel\u00e8fon de contacte: +34 93 328 54 51<\/li>\n<li>Registre Mercantil:<\/li>\n<li>Lloc web: https:\/\/www.080arq.com<\/li>\n<\/ul>\n<div> <\/div>\n<h2>2. \u00daS DE LA WEB<\/h2>\n<h2>2.1 Acc\u00e9s a la Web<\/h2>\n<p>Aquest Av\u00eds Legal regula l\u2019acc\u00e9s i \u00fas de https:\/\/www.080arq.com que 080 Arquitectura posa a la teva disposici\u00f3. La continuaci\u00f3 de l\u2019\u00fas i navegaci\u00f3 a la Web comporta l\u2019acceptaci\u00f3 d\u2019aquest Av\u00eds Legal. <\/p>\n<p>La Web \u00e9s d\u2019acc\u00e9s lliure i gratu\u00eft, i amb car\u00e0cter general, no exigeix la pr\u00e8via subscripci\u00f3 o registre a la Web, tot i que algunes seccions de la mateixa poden requerir que omplis un formulari pr\u00e8viament.<\/p>\n<p>Com a Usuari, et compromets a fer un \u00fas de la Web, dels seus continguts i dels seus serveis, d\u2019acord amb aquest Av\u00eds Legal, la legislaci\u00f3 aplicable, l\u2019ordre p\u00fablic i les bones costums, i a no fer-ne un \u00fas destinat a danyar, inutilitzar i\/o sobrecarregar la Web, o que pugui impedir, de qualsevol manera, la normal utilitzaci\u00f3 i funcionament de la mateixa.<\/p>\n<p>A 080 Arquitectura fem un esfor\u00e7 continuat per mantenir la Web en bon funcionament, mantenint els continguts actualitzats. Tanmateix, a 080 Arquitectura no podem garantir la completa disponibilitat i continu\u00eftat de l\u2019acc\u00e9s a la Web, o de l\u2019actualitzaci\u00f3 dels seus continguts. <\/p>\n<p>Si tens algun dubte relacionat amb la Pol\u00edtica de Privacitat i Cookies o l\u2019Av\u00eds Legal, pots posar-te en contacte amb nosaltres a trav\u00e9s dels canals habituals de contacte i, si no hi est\u00e0s d\u2019acord, et demanem que surtis d\u2019aquesta p\u00e0gina i no realitzis cap acci\u00f3.<\/p>\n<h2>2.2 Limitacions d\u2019\u00fas de la Web<\/h2>\n<p>Quan facis \u00fas de la Web et compromets a no:<\/p>\n<ul>\n<li>Realitzar actuacions susceptibles d\u2019alterar, deteriorar, interrompre o danyar els nostres sistemes electr\u00f2nics o els de tercers.<\/li>\n<li>Intentar accedir als comptes de correu electr\u00f2nic d\u2019altres usuaris o a \u00e0rees restringides dels nostres sistemes inform\u00e0tics.<\/li>\n<li>Vulnerar els nostres drets de propietat intel\u00b7lectual o industrial.<\/li>\n<li>Reproduir, copiar, distribuir, transformar o modificar els continguts publicats a la Web.<\/li>\n<li>Utilitzar qualsevol robot o altre dispositiu autom\u00e0tic amb qualsevol finalitat.<\/li>\n<\/ul>\n<h2>3. PROPIETAT INTEL\u00b7LECTUAL I\/O INDUSTRIAL<\/h2>\n<p>La Web, els continguts i funcionalitats relacionades amb els mateixos, el disseny de https:\/\/www.080arq.com i els elements que integren el lloc web s\u00f3n titularitat de 080 Arquitectura o dels titulars de les respectives llic\u00e8ncies i estan protegits pels drets corresponents de propietat intel\u00b7lectual i industrial.<\/p>\n<h2>4. RESPONSABILITAT<\/h2>\n<p>080 Arquitectura no es fa responsable de l\u2019\u00fas indegut de la Web ni dels danys i perjudicis que aix\u00f2 pugui ocasionar.<\/p>\n<h2>5. DISPOSICIONS DIVERSES<\/h2>\n<p>Per a qualsevol dubte, consulta o reclamaci\u00f3 relacionada amb l\u2019\u00fas de la Web, posa\u2019t en contacte a trav\u00e9s del correu info@080arq.com o truca al +34 93 328 54 51.<\/p>\n<\/div>\n<div>Copyright \u00a9 080 Arquitectura 2024<\/div>\n<\/div>\n\t\t\t\t\t\t\t\t<\/div>\n\t\t\t\t<\/div>\n\t\t\t\t\t<\/div>\n\t\t\t\t<\/div>\n\t\t\t\t<\/div>\n\t\t","protected":false},"excerpt":{"rendered":"<p>1. ET DONEM LA BENVINGUDA A WWW.080ARQ.COM A 080 Arquitectura t\u2019oferim el lloc web https:\/\/www.080arq.com, i si escau, les aplicacions m\u00f2bils i altres propietats interactives que 080 Arquitectura posseeix i opera (conjuntament, la &#8220;Web&#8221;). L&#8217;acc\u00e9s a la Web et confereix la condici\u00f3 d\u2019\u201cUsuari\u201d, entenent com a Usuari aquell que utilitza la Web amb la finalitat [&hellip;]<\/p>\n","protected":false},"author":1,"featured_media":0,"parent":0,"menu_order":0,"comment_status":"closed","ping_status":"open","template":"","meta":{"_acf_changed":false,"footnotes":""},"class_list":["post-2939","page","type-page","status-publish","hentry"],"acf":[],"_links":{"self":[{"href":"https:\/\/080arq.com\/ca\/wp-json\/wp\/v2\/pages\/2939","targetHints":{"allow":["GET"]}}],"collection":[{"href":"https:\/\/080arq.com\/ca\/wp-json\/wp\/v2\/pages"}],"about":[{"href":"https:\/\/080arq.com\/ca\/wp-json\/wp\/v2\/types\/page"}],"author":[{"embeddable":true,"href":"https:\/\/080arq.com\/ca\/wp-json\/wp\/v2\/users\/1"}],"replies":[{"embeddable":true,"href":"https:\/\/080arq.com\/ca\/wp-json\/wp\/v2\/comments?post=2939"}],"version-history":[{"count":2,"href":"https:\/\/080arq.com\/ca\/wp-json\/wp\/v2\/pages\/2939\/revisions"}],"predecessor-version":[{"id":3124,"href":"https:\/\/080arq.com\/ca\/wp-json\/wp\/v2\/pages\/2939\/revisions\/3124"}],"wp:attachment":[{"href":"https:\/\/080arq.com\/ca\/wp-json\/wp\/v2\/media?parent=2939"}],"curies":[{"name":"wp","href":"https:\/\/api.w.org\/{rel}","templated":true}]}}