{"id":2954,"date":"2024-11-21T15:42:56","date_gmt":"2024-11-21T15:42:56","guid":{"rendered":"https:\/\/080arq.com\/accessibilitat\/"},"modified":"2025-05-27T15:44:45","modified_gmt":"2025-05-27T15:44:45","slug":"accessibilitat","status":"publish","type":"page","link":"https:\/\/080arq.com\/ca\/accessibilitat\/","title":{"rendered":"Accessibilitat"},"content":{"rendered":"\t\t<div data-elementor-type=\"wp-page\" data-elementor-id=\"2954\" class=\"elementor elementor-2954 elementor-1121\" data-elementor-post-type=\"page\">\n\t\t\t\t<div class=\"elementor-element elementor-element-164013e e-flex e-con-boxed e-con e-parent\" data-id=\"164013e\" data-element_type=\"container\" data-e-type=\"container\">\n\t\t\t\t\t<div class=\"e-con-inner\">\n\t\t\t\t<div class=\"elementor-element elementor-element-597148d elementor-widget elementor-widget-heading\" data-id=\"597148d\" data-element_type=\"widget\" data-e-type=\"widget\" data-widget_type=\"heading.default\">\n\t\t\t\t<div class=\"elementor-widget-container\">\n\t\t\t\t\t<h1 class=\"elementor-heading-title elementor-size-default\">Accessibilitat<\/h1>\t\t\t\t<\/div>\n\t\t\t\t<\/div>\n\t\t\t\t\t<\/div>\n\t\t\t\t<\/div>\n\t\t<div class=\"elementor-element elementor-element-aca8914 e-flex e-con-boxed e-con e-parent\" data-id=\"aca8914\" data-element_type=\"container\" data-e-type=\"container\">\n\t\t\t\t\t<div class=\"e-con-inner\">\n\t\t\t\t<div class=\"elementor-element elementor-element-1db93ce elementor-widget elementor-widget-text-editor\" data-id=\"1db93ce\" data-element_type=\"widget\" data-e-type=\"widget\" data-widget_type=\"text-editor.default\">\n\t\t\t\t<div class=\"elementor-widget-container\">\n\t\t\t\t\t\t\t\t\t<p><b>080 Arquitectura s&#8217;ha comprom\u00e8s a fer accessible el vostre lloc web de conformitat amb el<\/b> <a title=\"Veure Reial decret\" href=\"https:\/\/www.boe.es\/diario_boe\/txt.php?id=BOE-A-2018-12699\" target=\"_blank\" rel=\"noopener\"><b><u>Reial Decret 1112\/2018<\/u><\/b><\/a> <b>, sobre accessibilitat dels llocs webs i aplicacions per a dispositius m\u00f2bils del sector p\u00fablic.<\/b><\/p><p>Aquesta declaraci\u00f3 d&#8217;accessibilitat s&#8217;aplica al web ltplegal.com.<\/p><h2> <\/h2><h2>SITUACI\u00d3 DE COMPLIMENT<\/h2><p>Aquest lloc web \u00e9s parcialment conforme amb el <a title=\"Veure Reial decret\" href=\"https:\/\/www.boe.es\/diario_boe\/txt.php?id=BOE-A-2018-12699\" target=\"_blank\" rel=\"noopener\"><u>RD 1112\/2018<\/u><\/a> a causa de la falta de conformitat dels aspectes que s&#8217;indiquen a continuaci\u00f3.<\/p><h3> <\/h3><h3>Contingut no accessible<\/h3><p>El contingut que es recull a continuaci\u00f3 no \u00e9s accessible pel seg\u00fcent:<\/p><h3> <\/h3><h3>Manca de conformitat amb el RD 1112\/2018<\/h3><ul><li>Podeu trobar imatges sense que acompanyi text explicatiu.<\/li><li>Es poden trobar encara nidaments incorrectes d&#8217;etiquetes.<\/li><li>Podrien haver-hi errors d&#8217;edici\u00f3 a la p\u00e0gina web.<\/li><\/ul><h3> <\/h3><h3>C\u00e0rrega desproporcionada<\/h3><ul><li>No s&#8217;aplica.<\/li><\/ul><div> <\/div><p>Aquesta declaraci\u00f3 va ser preparada el 26 d&#8217;abril del 2023.<\/p><p>El m\u00e8tode emprat per preparar la declaraci\u00f3 ha estat una autoavaluaci\u00f3 duta a terme per lequip daccessibilitat.<\/p><p>\u00daltima revisi\u00f3 de la declaraci\u00f3: 05 de gener de 2023.<\/p><h2> <\/h2><h2>Observacions i dades de contacte<\/h2><p>Podeu realitzar comunicacions sobre requisits d&#8217;accessibilitat (article 10.2.a) del RD 1112\/2018) com per exemple:<\/p><ul><li>Informar sobre qualsevol possible incompliment per part daquest lloc web.<\/li><li>Transmetre altres dificultats dacc\u00e9s al contingut.<\/li><li>Formular qualsevol altra consulta o suggeriment de millora relativa a laccessibilitat del lloc web.<\/li><\/ul><p>A trav\u00e9s de la nostra b\u00fastia de suggeriments info@080arq.com, o trucant al tel\u00e8fon 93 328 54 51<\/p><p>Les comunicacions seran rebudes i tractades per lequip dAccessibilitat.<\/p>\t\t\t\t\t\t\t\t<\/div>\n\t\t\t\t<\/div>\n\t\t\t\t\t<\/div>\n\t\t\t\t<\/div>\n\t\t\t\t<\/div>\n\t\t","protected":false},"excerpt":{"rendered":"<p>080 Arquitectura s&#8217;ha comprom\u00e8s a fer accessible el vostre lloc web de conformitat amb el Reial Decret 1112\/2018 , sobre accessibilitat dels llocs webs i aplicacions per a dispositius m\u00f2bils del sector p\u00fablic. Aquesta declaraci\u00f3 d&#8217;accessibilitat s&#8217;aplica al web ltplegal.com. SITUACI\u00d3 DE COMPLIMENT Aquest lloc web \u00e9s parcialment conforme amb el RD 1112\/2018 a causa [&hellip;]<\/p>\n","protected":false},"author":1,"featured_media":0,"parent":0,"menu_order":0,"comment_status":"closed","ping_status":"open","template":"","meta":{"_acf_changed":false,"footnotes":""},"class_list":["post-2954","page","type-page","status-publish","hentry"],"acf":[],"_links":{"self":[{"href":"https:\/\/080arq.com\/ca\/wp-json\/wp\/v2\/pages\/2954","targetHints":{"allow":["GET"]}}],"collection":[{"href":"https:\/\/080arq.com\/ca\/wp-json\/wp\/v2\/pages"}],"about":[{"href":"https:\/\/080arq.com\/ca\/wp-json\/wp\/v2\/types\/page"}],"author":[{"embeddable":true,"href":"https:\/\/080arq.com\/ca\/wp-json\/wp\/v2\/users\/1"}],"replies":[{"embeddable":true,"href":"https:\/\/080arq.com\/ca\/wp-json\/wp\/v2\/comments?post=2954"}],"version-history":[{"count":2,"href":"https:\/\/080arq.com\/ca\/wp-json\/wp\/v2\/pages\/2954\/revisions"}],"predecessor-version":[{"id":4162,"href":"https:\/\/080arq.com\/ca\/wp-json\/wp\/v2\/pages\/2954\/revisions\/4162"}],"wp:attachment":[{"href":"https:\/\/080arq.com\/ca\/wp-json\/wp\/v2\/media?parent=2954"}],"curies":[{"name":"wp","href":"https:\/\/api.w.org\/{rel}","templated":true}]}}