{"id":2956,"date":"2024-11-21T15:41:44","date_gmt":"2024-11-21T15:41:44","guid":{"rendered":"https:\/\/080arq.com\/politica-de-cookies\/"},"modified":"2025-02-03T16:25:54","modified_gmt":"2025-02-03T16:25:54","slug":"politica-de-cookies","status":"publish","type":"page","link":"https:\/\/080arq.com\/ca\/politica-de-cookies\/","title":{"rendered":"Pol\u00edtica de cookies"},"content":{"rendered":"\t\t<div data-elementor-type=\"wp-page\" data-elementor-id=\"2956\" class=\"elementor elementor-2956 elementor-1117\" data-elementor-post-type=\"page\">\n\t\t\t\t<div class=\"elementor-element elementor-element-45a433d e-flex e-con-boxed e-con e-parent\" data-id=\"45a433d\" data-element_type=\"container\" data-e-type=\"container\">\n\t\t\t\t\t<div class=\"e-con-inner\">\n\t\t\t\t<div class=\"elementor-element elementor-element-b8746fc elementor-widget elementor-widget-heading\" data-id=\"b8746fc\" data-element_type=\"widget\" data-e-type=\"widget\" data-widget_type=\"heading.default\">\n\t\t\t\t<div class=\"elementor-widget-container\">\n\t\t\t\t\t<h1 class=\"elementor-heading-title elementor-size-default\">Pol\u00edtica de cookies<\/h1>\t\t\t\t<\/div>\n\t\t\t\t<\/div>\n\t\t\t\t\t<\/div>\n\t\t\t\t<\/div>\n\t\t<div class=\"elementor-element elementor-element-aca8914 e-flex e-con-boxed e-con e-parent\" data-id=\"aca8914\" data-element_type=\"container\" data-e-type=\"container\">\n\t\t\t\t\t<div class=\"e-con-inner\">\n\t\t\t\t<div class=\"elementor-element elementor-element-1db93ce elementor-widget elementor-widget-text-editor\" data-id=\"1db93ce\" data-element_type=\"widget\" data-e-type=\"widget\" data-widget_type=\"text-editor.default\">\n\t\t\t\t<div class=\"elementor-widget-container\">\n\t\t\t\t\t\t\t\t\t<h3><span id=\"Que_es_una_cookie\">Qu\u00e8 \u00e9s una cookie?<\/span><\/h3>\n<p>Una cookie \u00e9s un fitxer <strong>inofensiu que es descarrega<\/strong> al teu ordinador en accedir a determinades p\u00e0gines web. Les cookies permeten a una p\u00e0gina web, entre altres coses, emmagatzemar i recuperar informaci\u00f3 sobre els h\u00e0bits de navegaci\u00f3 d&#8217;un usuari o del seu equip i, depenent de la informaci\u00f3 que continguin i de la forma en qu\u00e8 utilitzi el seu equip. Aix\u00ed, hi ha cookies que obtenen informaci\u00f3 relacionada amb el nombre de p\u00e0gines visitades, la ciutat a la qual est\u00e0 assignada l&#8217;adre\u00e7a IP des de la qual s&#8217;accedeix, el nombre de nous usuaris, la freq\u00fc\u00e8ncia i reincid\u00e8ncia de les visites, el temps de visita, el navegador, l&#8217;operador o el tipus de terminal des del qual es realitza la visita.  <\/p>\n<h3><span id=\"Que_NO_ES_una_cookie\">Qu\u00e8 NO \u00c9S una <em>cookie<\/em>?<\/span><\/h3>\n<p>No \u00e9s un virus, ni un troi\u00e0, ni un cuc, ni spam, ni spyware, ni obre finestres pop-up.<\/p>\n<h3><span id=\"Que_informacion_almacena_una_cookie\">Quina informaci\u00f3 emmagatzema una <em>cookie<\/em>?<\/span><\/h3>\n<p>Les <em>cookies<\/em> no solen emmagatzemar informaci\u00f3 sensible sobre tu, com targetes de cr\u00e8dit o dades banc\u00e0ries, fotografies, el teu DNI o informaci\u00f3 personal, etc. Les dades que guarden s\u00f3n de car\u00e0cter t\u00e8cnic, prefer\u00e8ncies personals, personalitzaci\u00f3 de continguts, etc. El servidor web no t&#8217;associa com a persona si no al teu navegador web. De fet, si navegues habitualment amb Internet Explorer i proves a navegar per la mateixa web amb Firefox o Chrome veur\u00e0s que la web no s&#8217;adona que ets la mateixa persona perqu\u00e8 en realitat est\u00e0 associant al navegador, no a la persona.   <\/p>\n<h3><span id=\"Que_ocurre_si_desactivo_las_cookies\">Qu\u00e8 passa si desactiu les <em>cookies<\/em>?<\/span><\/h3>\n<p>Perqu\u00e8 entenguis l&#8217;abast que pot tenir desactivar les <em>cookies<\/em> et mostrem uns exemples:<\/p>\n<ul>\n<li>No podr\u00e0s compartir continguts d&#8217;aquesta web a Facebook, Twitter o qualsevol altra xarxa social.<\/li>\n<li>El lloc web no podr\u00e0 adaptar els continguts a les teves prefer\u00e8ncies personals, com sol oc\u00f3rrer a les botigues online.<\/li>\n<li>No podr\u00e0s accedir a l&#8217;\u00e0rea personal de la web, com per exemple <em>El meu compte<\/em>, o <em>El meu perfil<\/em> o <em>Les meves comandes<\/em>.<\/li>\n<li>Botigues online: Et ser\u00e0 impossible realitzar compres online, hauran de ser telef\u00f2niques o visitant la botiga f\u00edsica si \u00e9s que en disposa.<\/li>\n<li>No ser\u00e0 possible personalitzar les teves prefer\u00e8ncies geogr\u00e0fiques com a franja hor\u00e0ria, divisa o idioma.<\/li>\n<li>El lloc web no podr\u00e0 realitzar anal\u00edtiques web sobre visitants i tr\u00e0nsit al web, cosa que dificultar\u00e0 que el web sigui competitiu.<\/li>\n<li>No podr\u00e0s escriure al blog, no podr\u00e0s pujar fotos, publicar comentaris, valorar o puntuar continguts. La web tampoc podr\u00e0 saber si ets un hum\u00e0 o una aplicaci\u00f3 automatitzada que publica <em>spam<\/em>. <\/li>\n<li>No es podr\u00e0 mostrar publicitat sectoritzada, la qual cosa reduir\u00e0 els ingressos publicitaris de la web.<\/li>\n<li>Totes les xarxes socials fan servir <em>cookies<\/em>, si les desactives no podr\u00e0s utilitzar cap xarxa social.<\/li>\n<\/ul>\n<h3><span id=\"Que_tipos_de_cookies_hay\">Quins tipus de cookies hi ha?<\/span><\/h3>\n<ol>\n<li>Tipus de cookies segons l&#8217;entitat que gestioni l&#8217;equip o domini des d&#8217;on s&#8217;envien les cookies i tracti les dades que s&#8217;obtinguin, podem distingir:<\/li>\n<\/ol>\n<ul>\n<li><u>Cookies obligat\u00f2ries<\/u>: S\u00f3n aquelles que s&#8217;envien a l&#8217;equip terminal de l&#8217;usuari des d&#8217;un equip o domini gestionat pel propi editor i des del qual es presta el servei sol\u00b7licitat per l&#8217;usuari.<\/li>\n<li><u>Cookies de tercers<\/u>: S\u00f3n aquelles que s&#8217;envien a l&#8217;equip terminal de l&#8217;usuari des d&#8217;un equip o domini que no \u00e9s gestionat per l&#8217;editor, sin\u00f3 per una altra entitat que tracta les dades obtingudes a trav\u00e9s de les cookies.<\/li>\n<\/ul>\n<p>En el cas que les cookies siguin instal\u00b7lades des d&#8217;un equip o domini gestionat pel mateix editor per\u00f2 la informaci\u00f3 que es reculli mitjan\u00e7ant aquestes sigui gestionada per un tercer, no poden ser considerades com a cookies pr\u00f2pies.<\/p>\n<h3><span id=\"WebBeacons\">Web <em>Beacons<\/em><\/span><\/h3>\n<p>Aquest lloc pot albergar tamb\u00e9 <em>web beacons<\/em> (tamb\u00e9 coneguts com <em>a web bugs<\/em>). Els <em>web beacons<\/em> solen ser petites imatges d&#8217;un pixel per un pixel, visibles o invisibles col\u00b7locats dins del codi font de les p\u00e0gines web d&#8217;un lloc. Els <em>web beacons<\/em> serveixen i s&#8217;utilitzen d&#8217;una forma similar a les <em>cookies<\/em>. A m\u00e9s, els <em>web beacons<\/em> solen utilitzar-se per mesurar el tr\u00e0nsit d&#8217;usuaris que visiten una p\u00e0gina web i poder treure un patr\u00f3 dels usuaris d&#8217;un lloc. Disposes de m\u00e9s informaci\u00f3 sobre els <em>web beacons<\/em> a: <a href=\"\" target=\"\" rel=\"\">Wikipedia<\/a>    <\/p>\n<h3><span id=\"Cookies_de_terceros\">Cookies de tercers<\/span><\/h3>\n<p>En alguns casos, compartim informaci\u00f3 sobre els visitants d&#8217;aquest lloc de forma an\u00f2nima o agregada amb tercers com puguin ser anunciants, patrocinadors o auditors per tal de millorar els nostres serveis. Totes aquestes tasques de processament seran regulades segons les normes legals i es respectaran tots els seus drets en mat\u00e8ria de protecci\u00f3 de dades conforme a la regulaci\u00f3 vigent. Aquest lloc mesura el tr\u00e0nsit amb diferents solucions que poden utilitzar <em>cookies<\/em> o <em>web beacons<\/em> per analitzar el que succeeix a les nostres p\u00e0gines. Actualment utilitzem les seg\u00fcents solucions per al mesurament del tr\u00e0nsit d&#8217;aquest lloc. Pots veure m\u00e9s informaci\u00f3 sobre la pol\u00edtica de privacitat de cadascuna de les solucions utilitzades per a tal efecte:    <\/p>\n<ul>\n<li><a href=\"http:\/\/www.google.com\/intl\/es\/policies\/privacy\/partners\/\" target=\"_blank\" rel=\"nofollow noopener noreferrer\">Com fa servir Google les dades que recopila als llocs web<\/a><\/li>\n<li>Google (Analytics): <a href=\"https:\/\/policies.google.com\/?hl=es\" target=\"_blank\" rel=\"nofollow noopener noreferrer\">Pol\u00edtica de Privacitat de Google Analytics<\/a> (<em>si ho desitges pots inhabilitar el seguiment de Google Analytics mitjan\u00e7ant <a href=\"https:\/\/tools.google.com\/dlpage\/gaoptout\" target=\"_blank\" rel=\"noopener noreferrer\">aquest complement per al navegador ofert per Google<\/a><\/em>)<\/li>\n<\/ul>\n<p>Aquest lloc tamb\u00e9 pot albergar publicitat pr\u00f2pia, d&#8217; afiliats, o de xarxes publicit\u00e0ries. Aquesta publicitat es mostra mitjan\u00e7ant servidors publicitaris que tamb\u00e9 utilitzen <em>cookies<\/em> per mostrar continguts publicitaris afins als usuaris. Cadascun d&#8217;aquests servidors publicitaris disposa de la seva pr\u00f2pia pol\u00edtica de privacitat, que pot ser consultada en les seves pr\u00f2pies p\u00e0gines web.  <\/p>\n<h3><span id=\"Que_tipos_de_cookies_se_utilizan_en_este_sitio_web\">Quins tipus de cookies s&#8217;utilitzen en aquest lloc web?<\/span><\/h3>\n<p>En accedir al web 080arquitectura.com t&#8217;informem que si segueixes navegant se t&#8217;instal\u00b7laran diverses cookies pr\u00f2pies i de tercers corresponents a les anal\u00edtiques de la web (a tall d&#8217;exemple: Google Analytics o eines similars) per ajudar el lloc web a analitzar l&#8217;\u00fas que fas del lloc web i millorar-ne la usabilitat,  per\u00f2 en cap cas s&#8217;associen a dades que poguessin arribar a identificar-te. Les dades que guarden s\u00f3n de car\u00e0cter t\u00e8cnic, prefer\u00e8ncies personals, personalitzaci\u00f3 de continguts, etc. El servidor web no t&#8217;associa com a persona sin\u00f3 al teu navegador web. Aquesta web s&#8217;utilitza cookies pr\u00f2pies i de tercers per aconseguir que tinguis una millor experi\u00e8ncia de navegaci\u00f3, puguis compartir contingut en xarxes socials, deixar comentaris i per obtenir estad\u00edstiques dels nostres usuaris. Com a usuari, pots rebutjar el tractament de les dades o la informaci\u00f3 bloquejant aquestes cookies mitjan\u00e7ant la configuraci\u00f3 apropiada del seu navegador. Tanmateix, has de saber que si ho fas, aquest lloc pot no funcionar adequadament. Per aix\u00f2 \u00e9s important que llegeixis la present pol\u00edtica de cookies i comprenguis que si continues navegant, considerem que acceptes el seu \u00fas. Pots canviar la configuraci\u00f3 del teu navegador per ser avisat de la recepci\u00f3 de cookies en el teu dispositiu o desactivar si ho desitges la capacitat d&#8217;emmagatzemar aquestes cookies en el teu dispositiu. Pots fins i tot revisar ara mateix les teves prefer\u00e8ncies sobre les cookies d&#8217;aquest lloc web en el seg\u00fcent bot\u00f3: <a href=\"\">VULL REVISAR ARA LES MEVES PREFER\u00c8NCIES DE COOKIES<\/a>        <\/p>\n<p>A continuaci\u00f3 s&#8217;inclou la seg\u00fcent taula, \u00fanicament com a exemple, amb identificaci\u00f3 de les cookies m\u00e9s rellevants utilitzades en aquest lloc web, aix\u00ed com si s\u00f3n pr\u00f2pies o de tercers (i identificaci\u00f3 del tercer contractat o els serveis del qual s&#8217;han decidit utilitzar) i la seva finalitat<\/p>\n<div style=\"overflow-x: hidden;\">\n<table width=\"667\">\n<tbody>\n<tr>\n<td colspan=\"4\" width=\"950\">Cookies pr\u00f2pies<\/td>\n<\/tr>\n<tr>\n<td width=\"131\">Cookies<\/td>\n<td width=\"273\">Informaci\u00f3 (*)<\/td>\n<td width=\"262\">Finalitat<\/td>\n<td width=\"262\">Caducitat<\/td>\n<\/tr>\n<tr>\n<td width=\"131\">GDPR[CONSENT_TYPES]<\/td>\n<td width=\"273\">Relativa a la RGPD<\/td>\n<td width=\"262\">Recorda els consentiments de les pol\u00edtiques<\/td>\n<td width=\"262\">1 any<\/td>\n<\/tr>\n<tr>\n<td width=\"131\">GDPR[ALLOWED_COOKIES]<\/td>\n<td width=\"273\">Relativa a la RGPD<\/td>\n<td width=\"262\">Recorda el consentiment de les cookies<\/td>\n<td width=\"262\">1 any<\/td>\n<\/tr>\n<tr>\n<td width=\"131\">GDPR%5Bprivacy_bar%5D<\/td>\n<td width=\"273\">Relativa a la RGPD<\/td>\n<td width=\"262\">Recorda si l&#8217;usuari ha acceptat la barra<\/td>\n<td width=\"262\">1 any<\/td>\n<\/tr>\n<tr>\n<td width=\"131\">__cfuid<\/td>\n<td width=\"273\">Clowdfare<\/td>\n<td width=\"262\">Pr\u00f2pia, persistent. La cookie &#8216;__cfduid&#8217; \u00e9s establerta pel servei de CloudFlare per identificar tr\u00e0nsit web de confian\u00e7a. No correspon a cap id d&#8217;usuari a l&#8217;aplicaci\u00f3 web, ni guarda cap dada personal identificable. https:\/\/support.cloudflare.com\/hc\/en-us\/articles\/200170156-What-does-the-CloudFlare-cfduid-cookie-do-   <\/td>\n<td width=\"262\">5 anys<\/td>\n<\/tr>\n<tr>\n<td width=\"131\">ICL_CURRENT_LANGUAGE, _icl_current_admin_language_{hash}, _icl_visitor_lang_js, wpml_browser_redirect_test, wpml_referer_url, wpml_admin_referer_url<\/td>\n<td width=\"273\">Idiomes (WPML)<\/td>\n<td width=\"262\">Recorda l&#8217;idioma de l&#8217;usuari<\/td>\n<td width=\"262\">1 dia<\/td>\n<\/tr>\n<\/tbody>\n<\/table>\n<\/div>\n<div style=\"overflow-x: hidden;\">\n<table width=\"667\">\n<tbody>\n<tr>\n<td colspan=\"4\" width=\"950\">Cookies de tercers<\/td>\n<\/tr>\n<tr>\n<td width=\"131\">Cookies<\/td>\n<td width=\"273\">Informaci\u00f3 (*)<\/td>\n<td width=\"262\">Finalitat<\/td>\n<td width=\"262\">Caducitat<\/td>\n<\/tr>\n<tr>\n<td width=\"131\">_gid<\/td>\n<td width=\"273\">Google Analytics<\/td>\n<td width=\"262\">S&#8217;utilitza per distingir els visitants del Lloc web<\/td>\n<td width=\"262\">24 Hores<\/td>\n<\/tr>\n<tr>\n<td width=\"131\">_ga<\/td>\n<td width=\"273\">Google Analytics<\/td>\n<td width=\"262\">Recorda l&#8217;idioma de l&#8217;usuari<\/td>\n<td width=\"262\">2 any<\/td>\n<\/tr>\n<tr>\n<td width=\"131\">_gat<\/td>\n<td width=\"273\">Google Analytics<\/td>\n<td width=\"262\">S&#8217;utilitza per limitar el percentatge de sol\u00b7licituds.<\/td>\n<td width=\"262\">1 minut<\/td>\n<\/tr>\n<tr>\n<td width=\"131\">_hjid<\/td>\n<td width=\"273\">Hotjar<\/td>\n<td width=\"262\">Aquesta cookie s&#8217;estableix quan el client arriba per primera vegada a una p\u00e0gina amb l&#8217;script Hotjar. S&#8217;utilitza per conservar la ID d&#8217;usuari de Hotjar, exclusiva d&#8217;aquest lloc al navegador. Aix\u00f2 garanteix que el comportament en visites posteriors al mateix lloc s&#8217; atribuir\u00e0 a la mateixa ID d&#8217; usuari.  <\/td>\n<td width=\"262\">1 any<\/td>\n<\/tr>\n<tr>\n<td width=\"131\">_hjIncludedInSample<\/td>\n<td width=\"273\">Hotjar<\/td>\n<td width=\"262\">Aquesta cookie de sessi\u00f3 est\u00e0 configurada perqu\u00e8 Hotjar s\u00e0piga si aquest visitant est\u00e0 incl\u00f2s en la mostra que s&#8217;utilitza per generar embuts.<\/td>\n<td width=\"262\">1 any<\/td>\n<\/tr>\n<\/tbody>\n<\/table>\n<\/div>\n<p>Tamb\u00e9 hi ha cookies corresponents a les xarxes socials que utilitza aquesta web tenen les seves pr\u00f2pies pol\u00edtiques de cookies.<\/p>\n<ul>\n<li>Cookie de Twitter, segons el que disposa la seva <a href=\"https:\/\/twitter.com\/privacy\" target=\"_blank\" rel=\"nofollow noopener noreferrer\">pol\u00edtica de privacitat i \u00fas de cookies<\/a>.<\/li>\n<li>Cookie de Facebook, segons el que disposa la seva <a href=\"https:\/\/www.facebook.com\/help\/cookies?ref_type=sitefooter\" target=\"_blank\" rel=\"nofollow noopener noreferrer\">pol\u00edtica de Cookies<\/a><\/li>\n<li>Cookie de Google+ i Google Maps, segons el que disposa la seva p\u00e0gina sobre quin <a href=\"http:\/\/www.google.com\/intl\/es\/policies\/technologies\/types\/\" target=\"_blank\" rel=\"nofollow noopener noreferrer\">tipus de cookies utilitzen<\/a><\/li>\n<li>Cookie de Pinterest, segons el que disposa la seva <a href=\"https:\/\/about.pinterest.com\/es\/privacy-policy\" target=\"_blank\" rel=\"nofollow noopener noreferrer\">Pol\u00edtica de privacitat i \u00fas de cookies<\/a><\/li>\n<li>Cookie de Gravatar, segons el que disposa <a href=\"http:\/\/automattic.com\/privacy\/\" target=\"_blank\" rel=\"nofollow noopener noreferrer\">la pol\u00edtica de privacitat de l&#8217;empresa Automattic<\/a>.<\/li>\n<\/ul>\n<h3><span id=\"Como_se_gestionan_las_cookies\">Com es gestionen les <em>cookies<\/em>?<\/span><\/h3>\n<p>At\u00e8s que les cookies s\u00f3n arxius de text normals, es poden explorar amb la majoria d&#8217;editors de text o programes de processament de text. Pots fer clic en una cookie per obrir-la. A continuaci\u00f3, s&#8217;indica una llista d&#8217;enlla\u00e7os sobre com veure cookies en diferents navegadors. Si utilitzes un altre navegador, consulteu la informaci\u00f3 sobre cookies al mateix navegador. Si utilitzes un tel\u00e8fon m\u00f2bil, consulta el manual del dispositiu per obtenir m\u00e9s informaci\u00f3.    <\/p>\n<ul>\n<li>Firefox: <a href=\"https:\/\/support.mozilla.org\/en-US\/kb\/cookies-information-websites-store-on-your-computer\" target=\"_blank\" rel=\"nofollow noopener noreferrer\">Firefox Cookies<\/a><\/li>\n<li>Chrome: <a href=\"https:\/\/support.google.com\/chrome\/bin\/answer.py?hl=en&amp;answer=95647&amp;topic=14666&amp;ctx=topic\" target=\"_blank\" rel=\"nofollow noopener noreferrer\">Google Cookies Support<\/a><\/li>\n<li>Internet Explorer 8-10: <a href=\"http:\/\/windows.microsoft.com\/en-US\/internet-explorer\/delete-manage-cookies\" target=\"_blank\" rel=\"nofollow noopener noreferrer\">Internet Explorer Cookies<\/a><\/li>\n<li>Safari: <a href=\"http:\/\/support.apple.com\/kb\/ph5042\" target=\"_blank\" rel=\"nofollow noopener noreferrer\">Safari Cookies<\/a><\/li>\n<li>Opera: <a href=\"http:\/\/help.opera.com\/Windows\/12.00\/es-ES\/cookies.html\" target=\"_blank\" rel=\"nofollow noopener noreferrer\">Opera Cookies<\/a><\/li>\n<\/ul>\n<h3 id=\"navegadores\"><span id=\"Configuracion_de_cookies_para_los_navegadores_mas_populares\">Configuraci\u00f3 de <em>cookies<\/em> per als navegadors m\u00e9s populars<\/span><\/h3>\n<p>A continuaci\u00f3 t&#8217;indiquem com accedir a una <em>cookie<\/em> determinada del navegador <b>Chrome<\/b>. Nota: aquests passos poden variar en funci\u00f3 de la versi\u00f3 del navegador: <\/p>\n<ol>\n<li>Veu a Configuraci\u00f3 o Prefer\u00e8ncies mitjan\u00e7ant el men\u00fa Arxiu o b\u00e9 punxant la icona de personalitzaci\u00f3 que apareix a dalt a la dreta.<\/li>\n<li>Veur\u00e0s diferents seccions, punxa l&#8217;opci\u00f3 <em>Mostrar opcions avan\u00e7ades<\/em>.<\/li>\n<li>Veu <em>a Privacitat<\/em>, <em>Configuraci\u00f3 de contingut<\/em>.<\/li>\n<li>Selecciona <em>Totes les cookies i les dades de llocs<\/em>.<\/li>\n<li>Apareixer\u00e0 un llistat amb totes les <em>cookies<\/em> ordenades per domini. Perqu\u00e8 et sigui m\u00e9s f\u00e0cil trobar les <em>cookies<\/em> d&#8217;un determinat domini introdueixi parcialment o totalment la direcci\u00f3 al camp <em>Buscar cookies<\/em>. <\/li>\n<li>Despr\u00e9s de realitzar aquest filtre apareixeran en pantalla una o diverses l\u00ednies amb les <em>cookies<\/em> de la web sol\u00b7licitada. Ara nom\u00e9s has de seleccionar-la i polsar la <em>X<\/em> per procedir a la seva eliminaci\u00f3. <\/li>\n<\/ol>\n<p>Per accedir a la configuraci\u00f3 de <em>cookies<\/em> del navegador <b>Internet Explorer<\/b> segueix aquests passos (poden variar en funci\u00f3 de la versi\u00f3 del navegador):<\/p>\n<ol>\n<li>Veu a <em>Eines<\/em>, <em>Opcions d&#8217;Internet<\/em><\/li>\n<li>Fes clic <em>a Privacitat<\/em>.<\/li>\n<li>Mou el lliscador fins a ajustar el nivell de privacitat que desitges.<\/li>\n<\/ol>\n<p>Per accedir a la configuraci\u00f3 de <em>cookies<\/em> del navegador <b>Firefox<\/b> segueix aquests passos (poden variar en funci\u00f3 de la versi\u00f3 del navegador):<\/p>\n<ol>\n<li>Veu <em>Opcions<\/em> o <em>Prefer\u00e8ncies<\/em> segons el teu sistema operatiu.<\/li>\n<li>Fes clic <em>a Privacitat<\/em>.<\/li>\n<li>A <em>Historial<\/em> tria <em>Usar una configuraci\u00f3 personalitzada per a l&#8217;historial<\/em>.<\/li>\n<li>Ara veur\u00e0s <em>l&#8217;opci\u00f3 Acceptar cookies<\/em>, pots activar-la o desactivar-la segons les teves prefer\u00e8ncies.<\/li>\n<\/ol>\n<p>Per accedir a la configuraci\u00f3 de <em>cookies<\/em> del navegador <b>Safari per a OSX<\/b> segueix aquests passos (poden variar en funci\u00f3 de la versi\u00f3 del navegador):<\/p>\n<ol>\n<li>Veu <em>a Prefer\u00e8ncies<\/em>, despr\u00e9s <em>Privacitat<\/em>.<\/li>\n<li>En aquest lloc veur\u00e0s l&#8217;opci\u00f3 <em>Bloquejar cookies<\/em> perqu\u00e8 ajusti el tipus de bloqueig que desitges realitzar.<\/li>\n<\/ol>\n<p>Per accedir a la configuraci\u00f3 de <em>cookies<\/em> del navegador <b>Safari per a iOS<\/b> segueix aquests passos (poden variar en funci\u00f3 de la versi\u00f3 del navegador):<\/p>\n<ol>\n<li>Veu <em>a Ajustos<\/em>, despr\u00e9s <em>Safari<\/em>.<\/li>\n<li>Veu <em>Privacitat i Seguretat<\/em>, veur\u00e0s l&#8217;opci\u00f3 <em>Bloquejar cookies<\/em> perqu\u00e8 ajusti el tipus de bloqueig que desitges realitzar.<\/li>\n<\/ol>\n<p>Per accedir a la configuraci\u00f3 de <em>cookies<\/em> del navegador per a dispositius <b>Android<\/b> segueix aquests passos (poden variar en funci\u00f3 de la versi\u00f3 del navegador):<\/p>\n<ol>\n<li>Executa el navegador i polsa la tecla <em>Men\u00fa<\/em>, despr\u00e9s <em>Ajustos<\/em>.<\/li>\n<li>Veu <em>a Seguretat i Privacitat<\/em>, veur\u00e0s l&#8217;opci\u00f3 <em>Acceptar cookies<\/em> perqu\u00e8 activi o desactivi la casella.<\/li>\n<\/ol>\n<p>Per accedir a la configuraci\u00f3 de <em>cookies<\/em> del navegador per a dispositius <b>Windows Phone<\/b> segueix aquests passos (poden variar en funci\u00f3 de la versi\u00f3 del navegador):<\/p>\n<ol>\n<li>Obre <em>Internet Explorer<\/em>, despr\u00e9s <em>M\u00e9s<\/em>, despr\u00e9s <em>Configuraci\u00f3<\/em><\/li>\n<li>Ara pots activar o desactivar la casella <em>Permetre cookies<\/em>.<\/li>\n<\/ol>\n<h3><span id=\"Do_Not_Track\">Do Not Track<\/span><\/h3>\n<p>080Arquitectura ha adequat el lloc web 080arquitectura.com a l&#8217;est\u00e0ndard <a class=\"external external_icon\" href=\"http:\/\/donottrack.us\/\" target=\"_blank\" rel=\"noopener nofollow noreferrer\">Do Not Track<\/a> per garantir m\u00e9s privacitat als usuaris que hagin <a class=\"external external_icon\" href=\"http:\/\/dnt.mozilla.org\/\" target=\"_blank\" rel=\"noopener nofollow noreferrer\">activat aquesta opci\u00f3 al seu navegador<\/a>. Aquest lloc web exclou autom\u00e0ticament del seguiment de Google Analytics els usuaris que envi\u00efn la cap\u00e7alera Do Not Track, i \u00e9s compatible amb l&#8217;acceptaci\u00f3 expressa d&#8217;aquestes. Si tens un navegador compatible amb aquest protocol pots activar-lo per evitar el seguiment per part dels llocs web. A Google Chrome, per exemple, est\u00e0 en <em>Configuraci\u00f3 &gt; Avan\u00e7ada &gt; Privacitat i Seguretat &gt; Enviar una sol\u00b7licitud de no seguiment amb el teu tr\u00e0nsit de navegaci\u00f3<\/em>.   <\/p>\n<div id=\"gallery-4\" class=\"gallery galleryid-852 gallery-columns-2 gallery-size-thumbnail\">\n<dl class=\"gallery-item\">\n<dt class=\"gallery-icon landscape\"><\/dt>\n<dd id=\"gallery-4-89128\" class=\"wp-caption-text gallery-caption\">Activar DNT a Chrome<\/dd>\n<\/dl>\n<dl class=\"gallery-item\">\n<dt class=\"gallery-icon landscape\"><\/dt>\n<dd id=\"gallery-4-89127\" class=\"wp-caption-text gallery-caption\">Confirmar DNT<\/dd>\n<\/dl>\n<\/div>\n<p><em>Si ho desitges pots inhabilitar el seguiment de Google Analytics mitjan\u00e7ant <\/em><a href=\"https:\/\/tools.google.com\/dlpage\/gaoptout\" target=\"_blank\" rel=\"noopener noreferrer\"><em>aquest complement per al navegador ofert per Google<\/em><\/a>. Tamb\u00e9 pots provar el seg\u00fcent bot\u00f3 (dep\u00e8n dels permisos de JavaScript del teu navegador que funcioni o no): <a class=\"gadwp_useroptout\">DESACTIVAR GOOGLE ANALYTICS<\/a> <\/p>\n<h3> <\/h3>\n<h3><span id=\"Notas_adicionales\">Notes addicionals<\/span><\/h3>\n<ul>\n<li>Ni aquesta web ni els seus representants legals es fan responsables ni del contingut ni de la veracitat de les pol\u00edtiques de privacitat que puguin tenir els tercers esmentats en aquesta pol\u00edtica de <em>cookies<\/em>.<\/li>\n<li>Els navegadors web s\u00f3n les eines encarregades d&#8217;emmagatzemar les <em>cookies i des<\/em> d&#8217;aquest lloc ha d&#8217;efectuar el seu dret a eliminaci\u00f3 o desactivaci\u00f3 de les mateixes. Ni aquesta web ni els seus representants legals poden garantir la correcta o incorrecta manipulaci\u00f3 de les <em>cookies<\/em> per part dels esmentats navegadors. <\/li>\n<li>En alguns casos cal instal\u00b7lar <em>cookies<\/em> perqu\u00e8 el navegador no oblidi la teva decisi\u00f3 de no acceptaci\u00f3 d&#8217;aquestes.<\/li>\n<li>En el cas de les <em>galetes de Google Analytics<\/em>, aquesta empresa emmagatzema les <em>galetes<\/em> en servidors ubicats als Estats Units i es compromet a no compartir-la amb tercers, excepte en els casos en qu\u00e8 sigui necessari per al funcionament del sistema o quan la llei obligui a aquest efecte. Segons Google no desa la vostra adre\u00e7a IP. Google Inc. \u00e9s una companyia adherida a l&#8217;Acord de Port Segur que garanteix que totes les dades transferides seran tractades amb un nivell de protecci\u00f3 d&#8217;acord amb la normativa europea.   <\/li>\n<li>Per a qualsevol dubte o consulta sobre aquesta pol\u00edtica de <em>cookies no dubtis<\/em> a comunicar-te amb nosaltres a trav\u00e9s de la secci\u00f3 de contacte.<\/li>\n<\/ul>\n<h3><span id=\"Revisar_mis_preferencias_sobre_cookies_en_este_sitio\">Revisar les meves prefer\u00e8ncies sobre cookies en aquest lloc<\/span><\/h3>\n<p>De nou, et recordo que sempre pots revisar <strong>les teves prefer\u00e8ncies<\/strong> sobre l&#8217;acceptaci\u00f3, o no, de les cookies en aquest lloc web fent clic al seg\u00fcent bot\u00f3:<\/p>\n<p><button class=\"gdpr-preferences\" style=\"background: #fff !important; border-color: #000;\" type=\"button\"><a href=\"\/#gdpr_cookie_modal\">PREFER\u00c8NCIES DE PRIVACITAT<\/a><\/button><\/p>\n\t\t\t\t\t\t\t\t<\/div>\n\t\t\t\t<\/div>\n\t\t\t\t\t<\/div>\n\t\t\t\t<\/div>\n\t\t\t\t<\/div>\n\t\t","protected":false},"excerpt":{"rendered":"<p>Qu\u00e8 \u00e9s una cookie? Una cookie \u00e9s un fitxer inofensiu que es descarrega al teu ordinador en accedir a determinades p\u00e0gines web. Les cookies permeten a una p\u00e0gina web, entre altres coses, emmagatzemar i recuperar informaci\u00f3 sobre els h\u00e0bits de navegaci\u00f3 d&#8217;un usuari o del seu equip i, depenent de la informaci\u00f3 que continguin i [&hellip;]<\/p>\n","protected":false},"author":1,"featured_media":0,"parent":0,"menu_order":0,"comment_status":"closed","ping_status":"open","template":"","meta":{"_acf_changed":false,"footnotes":""},"class_list":["post-2956","page","type-page","status-publish","hentry"],"acf":[],"_links":{"self":[{"href":"https:\/\/080arq.com\/ca\/wp-json\/wp\/v2\/pages\/2956","targetHints":{"allow":["GET"]}}],"collection":[{"href":"https:\/\/080arq.com\/ca\/wp-json\/wp\/v2\/pages"}],"about":[{"href":"https:\/\/080arq.com\/ca\/wp-json\/wp\/v2\/types\/page"}],"author":[{"embeddable":true,"href":"https:\/\/080arq.com\/ca\/wp-json\/wp\/v2\/users\/1"}],"replies":[{"embeddable":true,"href":"https:\/\/080arq.com\/ca\/wp-json\/wp\/v2\/comments?post=2956"}],"version-history":[{"count":2,"href":"https:\/\/080arq.com\/ca\/wp-json\/wp\/v2\/pages\/2956\/revisions"}],"predecessor-version":[{"id":3128,"href":"https:\/\/080arq.com\/ca\/wp-json\/wp\/v2\/pages\/2956\/revisions\/3128"}],"wp:attachment":[{"href":"https:\/\/080arq.com\/ca\/wp-json\/wp\/v2\/media?parent=2956"}],"curies":[{"name":"wp","href":"https:\/\/api.w.org\/{rel}","templated":true}]}}