{"id":2958,"date":"2024-10-16T10:46:25","date_gmt":"2024-10-16T10:46:25","guid":{"rendered":"https:\/\/080arq.com\/politica-de-privacitat\/"},"modified":"2025-02-03T16:26:31","modified_gmt":"2025-02-03T16:26:31","slug":"politica-de-privacitat","status":"publish","type":"page","link":"https:\/\/080arq.com\/ca\/politica-de-privacitat\/","title":{"rendered":"Pol\u00edtica de privacitat"},"content":{"rendered":"\t\t<div data-elementor-type=\"wp-page\" data-elementor-id=\"2958\" class=\"elementor elementor-2958 elementor-3\" data-elementor-post-type=\"page\">\n\t\t\t\t<div class=\"elementor-element elementor-element-40d9c68 e-flex e-con-boxed e-con e-parent\" data-id=\"40d9c68\" data-element_type=\"container\" data-e-type=\"container\">\n\t\t\t\t\t<div class=\"e-con-inner\">\n\t\t\t\t<div class=\"elementor-element elementor-element-5b37095 elementor-widget elementor-widget-heading\" data-id=\"5b37095\" data-element_type=\"widget\" data-e-type=\"widget\" data-widget_type=\"heading.default\">\n\t\t\t\t<div class=\"elementor-widget-container\">\n\t\t\t\t\t<h1 class=\"elementor-heading-title elementor-size-default\">Pol\u00edtica de privacitat<\/h1>\t\t\t\t<\/div>\n\t\t\t\t<\/div>\n\t\t\t\t\t<\/div>\n\t\t\t\t<\/div>\n\t\t<div class=\"elementor-element elementor-element-aca8914 e-flex e-con-boxed e-con e-parent\" data-id=\"aca8914\" data-element_type=\"container\" data-e-type=\"container\">\n\t\t\t\t\t<div class=\"e-con-inner\">\n\t\t\t\t<div class=\"elementor-element elementor-element-1db93ce elementor-widget elementor-widget-text-editor\" data-id=\"1db93ce\" data-element_type=\"widget\" data-e-type=\"widget\" data-widget_type=\"text-editor.default\">\n\t\t\t\t<div class=\"elementor-widget-container\">\n\t\t\t\t\t\t\t\t\t<p><b>TITULAR DE LA WEB<\/b><\/p>\n<p><b>Denominaci\u00f3 social \u00e9s<\/b>: 080 Arquitectura.<br \/><b>CIF<\/b>: B65326795<br \/><b>Domicili social \u00e9s<\/b>: Carrer Moi\u00e0, 16, entre 1a, 08006 \u2013 Barcelona<br \/><b>Correu electr\u00f2nic<\/b>: info@080arq.com<\/p>\n<p><b>RESPONSABLE DEL TRACTAMENT<\/b><\/p>\n<p>Dades de contacte del responsable: 080 Arquitectura i correu electr\u00f2nic de contacte info@080arq.com<\/p>\n<p><b>ELS TEUS DRETS DE PROTECCI\u00d3 DE DADES<\/b><\/p>\n<p>Com exercitar els teus drets: Pots dirigir una comunicaci\u00f3 per escrit al domicili social de 080 Arquitectura o a l&#8217;adre\u00e7a de correu electr\u00f2nic indicada a l&#8217;encap\u00e7alament d&#8217;aquesta p\u00e0gina, incloent en ambd\u00f3s casos fotoc\u00f2pia del teu DNI o un altre document identificatiu similar, per sol\u00b7licitar l&#8217;exercici dels drets seg\u00fcents:<\/p>\n<p>Dret a sol\u00b7licitar l&#8217;acc\u00e9s a les dades personals: podr\u00e0s preguntar a 080 Arquitectura si est\u00e0 tractant les teves dades.<br \/>Dret a sol\u00b7licitar la seva rectificaci\u00f3 (en cas que siguin incorrectes).<br \/>Dret a sol\u00b7licitar la limitaci\u00f3 del seu tractament, cas en el qual \u00fanicament seran conservats per 080 Arquitectura per a l&#8217;exercici o la defensa de reclamacions.<br \/>Dret a oposar-te al tractament: 080 Arquitectura deixar\u00e0 de tractar les dades en la forma que indiquis, llevat que per motius leg\u00edtims imperiosos o l&#8217; exercici o la defensa de possibles reclamacions s&#8217; hagin de continuar tractant.<br \/>Dret a la portabilitat de les dades: en cas que vulguis que les teves dades siguin tractades per una altra firma, 080 Arquitectura et facilitar\u00e0 la portabilitat de les teves dades al nou responsable.<br \/>Dret a l&#8217;esborrat de les dades: i llevat d&#8217;imperatiu legal s&#8217;esborraran despr\u00e9s de la teva confirmaci\u00f3.<br \/>Models, formularis i m\u00e9s informaci\u00f3 sobre els teus drets: P\u00e0gina oficial de l&#8217;Ag\u00e8ncia Espanyola de Protecci\u00f3 de Dades.<\/p>\n<p>Possibilitat de retirar el consentiment: en el cas que hagis atorgat el consentiment per a alguna finalitat espec\u00edfica, tens dret a retirar-lo en qualsevol moment, sense que aix\u00f2 afecti la licitud del tractament basat en el consentiment previ a la seva retirada.<\/p>\n<p>Com reclamar davant l&#8217;Autoritat de Control: Si consideres que hi ha un problema amb la forma en qu\u00e8 080 Arquitectura est\u00e0 manejant les teves dades, pots dirigir les teves reclamacions al Responsable de Seguretat de 080 Arquitectura (indicat a dalt) o a l&#8217;autoritat de protecci\u00f3 de dades que correspongui, sent l&#8217;Ag\u00e8ncia Espanyola de Protecci\u00f3 de Dades, la indicada en el cas d&#8217;Espanya.<\/p>\n<p><b>DRET A L&#8217;OBLIT I ACC\u00c9S A LES TEVES DADES PERSONALS  <\/b><\/p>\n<p>En tot moment tindr\u00e0s dret a revisar, recuperar, anonimitzar i\/o esborrar, totalment o parcialment, les dades emmagatzemades al Lloc Web. Nom\u00e9s has d&#8217;enviar un correu electr\u00f2nic a info@080arq.com i sol\u00b7licitar-lo. O pots fer-ho aqu\u00ed mateix:    <\/p>\n<p><b>CONSERVACI\u00d3 DE LES DADES  <\/b><\/p>\n<p><span style=\"text-align: var(--text-align); font-family: var( --e-global-typography-text-font-family ), Sans-serif; font-size: var( --e-global-typography-text-font-size ); font-weight: var( --e-global-typography-text-font-weight );\">Dades desagregades: Les dades desagregades seran conservades sense termini de supressi\u00f3. Dades dels clients del lloc web: El per\u00edode de conservaci\u00f3 de les dades personals variar\u00e0 en funci\u00f3 del servei que el client contracti al nostre lloc web. En qualsevol cas, ser\u00e0 el m\u00ednim necessari, podent mantenir-se fins a: 4 anys: Llei sobre Infraccions i Sancions en l&#8217;Ordre Social (obligacions en mat\u00e8ria d&#8217;afiliaci\u00f3, altes, baixes, cotitzaci\u00f3, pagament de salaris&#8230;); Arts. 66 i sig. Llei General Tribut\u00e0ria (llibres de comptabilitat&#8230;); 5 anys: Art. 1964 Codi Civil (accions personals sense termini especial); 6 anys: Art. 30 Codi de Comer\u00e7 (llibres de comptabilitat, factures&#8230;); 10 anys: Art. 25 Llei de Prevenci\u00f3 del Blanqueig de Capitals i Finan\u00e7ament del Terrorisme. Dades dels subscriptors al feed per e-mail: Des que l&#8217; usuari se subscriu fins que es d\u00f3na de baixa. Dades dels subscriptors a la newsletter: Des que l&#8217; usuari se subscriu fins que es d\u00f3na de baixa. Dades d&#8217;usuaris pujades per 080 Arquitectura a p\u00e0gines i perfils en xarxes socials: Des que l&#8217;usuari ofereix el seu consentiment fins que el retira.         <\/span><\/p>\n<p><span style=\"text-align: var(--text-align); font-family: var( --e-global-typography-text-font-family ), Sans-serif; font-size: var( --e-global-typography-text-font-size );\"><b>SECRET I SEGURETAT DE LES DADES  <\/b><\/span><\/p>\n<p><span style=\"text-align: var(--text-align); font-family: var( --e-global-typography-text-font-family ), Sans-serif; font-size: var( --e-global-typography-text-font-size ); font-weight: var( --e-global-typography-text-font-weight );\">080 Arquitectura es compromet en la utilitzaci\u00f3 de les dades, a respectar la seva confidencialitat i a utilitzar-les d&#8217; acord amb la finalitat dels mateixos, aix\u00ed com a donar compliment a la seva obligaci\u00f3 de guardar-les i adaptar totes les mesures per evitar l&#8217; alteraci\u00f3, p\u00e8rdua, tractament o acc\u00e9s no autoritzat, de conformitat amb el que estableix la normativa vigent. Tu garanteixes que les dades personals facilitades a trav\u00e9s dels formularis s\u00f3n veraces, quedant obligat a comunicar-ne qualsevol modificaci\u00f3. Igualment, garanteixes que tota la informaci\u00f3 facilitada correspon amb la teva situaci\u00f3 real, que est\u00e0 posada al dia i \u00e9s exacta. A m\u00e9s, has de mantenir en tot moment les teves dades actualitzades, sent l&#8217;\u00fanic responsable de la inexactitud o falsedat de les dades facilitades i dels perjudicis que pugui causar per aix\u00f2 a 080 Arquitectura com a titular de 080 Arquitectura, o a tercers amb motiu de la utilitzaci\u00f3 d&#8217;aquestes dades.     <\/span><\/p>\n<p><span style=\"text-align: var(--text-align); font-family: var( --e-global-typography-text-font-family ), Sans-serif; font-size: var( --e-global-typography-text-font-size );\"><b>BRETXES DE SEGURETAT  <\/b><\/span><\/p>\n<p><span style=\"text-align: var(--text-align); font-family: var( --e-global-typography-text-font-family ), Sans-serif; font-size: var( --e-global-typography-text-font-size ); font-weight: var( --e-global-typography-text-font-weight );\">080 Arquitectura adopta mesures de seguretat raonablement adequades per detectar l&#8217; exist\u00e8ncia de virus, atacs de for\u00e7a bruta i injeccions de codi. No obstant aix\u00f2, has de ser conscient que les mesures de seguretat dels sistemes inform\u00e0tics a Internet no s\u00f3n enterament fiables i que, per tant, 080 Arquitectura no pot garantir la inexist\u00e8ncia de virus o altres elements que puguin produir alteracions en els sistemes inform\u00e0tics (programari i maquinari) de l&#8217;Usuari o en els seus documents electr\u00f2nics i fitxers continguts en els mateixos. Malgrat aix\u00f2, per tractar de garantir la seguretat i privacitat de les teves dades personals, 080 Arquitectura disposa d&#8217;un sistema de vigil\u00e0ncia de seguretat actiu que informa de cada activitat dels usuaris i possibles bretxes en la seguretat de les dades dels usuaris. En cas de detectar-se alguna bretxa, 080 Arquitectura es compromet a informar els usuaris en el termini m\u00e0xim de 72 hores.     <\/span><\/p>\n<p><span style=\"text-align: var(--text-align); font-family: var( --e-global-typography-text-font-family ), Sans-serif; font-size: var( --e-global-typography-text-font-size );\"><b>QUINA INFORMACI\u00d3 RECAIEM DELS USUARIS I PER A QU\u00c8 ELS UTILITZEM<\/b><\/span><\/p>\n<p><span style=\"text-align: var(--text-align); font-family: var( --e-global-typography-text-font-family ), Sans-serif; font-size: var( --e-global-typography-text-font-size ); font-weight: var( --e-global-typography-text-font-weight );\">Tots els productes i serveis oferts al lloc web de 080 Arquitectura remeten a formularis de contacte, formularis de comentaris i formularis per efectuar registres d&#8217;usuari, subscripci\u00f3 a newsletter i\/o en algun cas comandes de compra. Aquest lloc web sempre requereix el consentiment previ dels usuaris per tractar les seves dades personals amb les finalitats indicades. Tens dret a revocar el teu consentiment previ en qualsevol moment.  <\/span><\/p>\n<p><strong>Registre d&#8217; activitats de tractament de les dades<\/strong><br \/><strong>Web i hosting:<\/strong> 080 Arquitectura compta amb un xifrat SSL que permet l&#8217;enviament segur de dades personals a trav\u00e9s de formularis de contacte de tipus est\u00e0ndard, allotjats en els servidors que 080 Arquitectura ha contractat Ionos Espa\u00f1a.<\/p>\n<p><strong>Dades recaptades a trav\u00e9s del web:<\/strong> Les dades personals recollides seran objecte de tractament automatitzat i incorporades als corresponents fitxers dels quals 080 Arquitectura \u00e9s titular.<\/p>\n<p>Ens arribar\u00e0 el teu IP, que ser\u00e0 usada per comprovar l&#8217;origen del missatge per tal d&#8217;oferir-te informaci\u00f3, protecci\u00f3 contra comentaris SPAM i per detectar possibles irregularitats (per exemple: parts oposades del mateix cas escriuen al lloc web des de la mateixa IP), aix\u00ed com dades relatives al teu ISP.<br \/>Aix\u00ed mateix, podr\u00e0s facilitar-nos les teves dades a trav\u00e9s de correu electr\u00f2nic i altres mitjans de comunicaci\u00f3 indicats a la secci\u00f3 de contacte.<\/p>\n<p><strong>Formulari de comentaris o contacte:<\/strong> A la web hi ha la possibilitat que els usuaris deixin comentaris a les publicacions del lloc. Hi ha una cookie que emmagatzema les dades facilitades per l&#8217;usuari perqu\u00e8 no hagi de tornar a introduir-les en cada nova visita i, a m\u00e9s, es recullen internament l&#8217;adre\u00e7a d&#8217;email, nom, web i l&#8217;adre\u00e7a IP. <\/p>\n<p>Les dades estan emmagatzemades en els servidors de Ionos Espa\u00f1a.<\/p>\n<p><strong>Registre d&#8217; usuaris:<\/strong> No s&#8217; admeten llevat de petici\u00f3 expressa.<\/p>\n<p><strong>Formulari de compra:<\/strong> En el cas d&#8217;haver-hi productes i serveis oferts a la nostra botiga online, l&#8217;usuari disposar\u00e0 d&#8217;un formulari de compra subjecte a les condicions de contractaci\u00f3 especificades en la nostra pol\u00edtica comercial i condicions de contractaci\u00f3 on se li requeriran dades de contacte i de pagament.<\/p>\n<p>Les dades estan emmagatzemades en els servidors de Ionos Espa\u00f1a.<\/p>\n<p>Recopilar\u00edem informaci\u00f3 sobre tu durant el proc\u00e9s de pagament a la nostra botiga. Aquesta informaci\u00f3 podria incloure, i no nom\u00e9s aix\u00f2, el teu nom, adre\u00e7a, correu electr\u00f2nic, tel\u00e8fon, detalls de pagament i altres necessaris per poder processar les teves comandes. La gesti\u00f3 d&#8217; aquestes dades ens permetr\u00e0:  <\/p>\n<ul>\n<li>Enviar-te informaci\u00f3 important del teu compte\/demanat\/servei.<\/li>\n<li>Respondre a les teves peticions, queixes i sol\u00b7licituds de reemborsament.<\/li>\n<li>Processar pagaments i evitar transaccions fraudulentes.<\/li>\n<li>Configurar i administrar el teu compte, donar-te servei t\u00e8cnic i de client, i verificar la teva identitat.<\/li>\n<\/ul>\n<p>Addicionalment, pot que tamb\u00e9 recopilem la seg\u00fcent informaci\u00f3:<\/p>\n<ul>\n<li>Ubicaci\u00f3 i dades de tr\u00e0nsit (inclosa l&#8217;adre\u00e7a IP i el navegador) si fas una comanda, o si necessitem estimar impostos i costos d&#8217;enviament basats en la teva ubicaci\u00f3.<\/li>\n<li>P\u00e0gines de producte visitades i contingut visualitzat mentre la teva sessi\u00f3 est\u00e0 activa.<\/li>\n<li>Els teus comentaris i ressenyes de productes si tries deixar-les.<\/li>\n<li>Direcci\u00f3 d&#8217;enviament si demanes costos d&#8217;enviament abans de fer la compra mentre la teva sessi\u00f3 est\u00e0 activa.<\/li>\n<li>Cookies essencials per fer el seguiment dels continguts del teu carret\u00f3 mentre la teva sessi\u00f3 est\u00e0 activa.<\/li>\n<li>Correu i contrasenya del teu compte per permetre&#8217;t accedir al teu compte, si en tens una.<\/li>\n<li>Si crees un compte guardem el teu nom, adre\u00e7a i tel\u00e8fon, per usar-los en les teves futures comandes.<\/li>\n<\/ul>\n<p><strong> <\/strong><\/p>\n<p><strong>Formularis de subscripci\u00f3 a Newsletter:<\/strong> 080 Arquitectura utilitza el servei d&#8217;enviament de newsletters (butlletins per correu electr\u00f2nic) de Mailchimp, empresa ubicada als Estats Units, que emmagatzema les teves dades de correu electr\u00f2nic, nom i acceptaci\u00f3 de la subscripci\u00f3. Pots anul\u00b7lar en qualsevol moment la subscripci\u00f3 al butllet\u00ed mitjan\u00e7ant un enlla\u00e7 espec\u00edfic situat al fons de cada enviament que rebis. <\/p>\n<p><strong>Correu electr\u00f2nic:<\/strong> El nostre prestador de serveis de correu electr\u00f2nic \u00e9s Ionos,\u00a1.<\/p>\n<p><strong>Missatgeria instant\u00e0nia:<\/strong> 080 Arquitectura pot prestar servei a trav\u00e9s de missatgeria instant\u00e0nia com, per exemple, WhatsApp, Facebook Messenger o Line sempre que l&#8217;usuari ho requereixi.<\/p>\n<p><strong>Prestadors de serveis de pagament:<\/strong> Actualment 080 Arquitectura no utilitza cap servei de pagament online.<\/p>\n<p><strong>Contingut incrustat des d&#8217; altres webs<\/strong><\/p>\n<p>Els articles de 080 Arquitectura poden incloure contingut incrustat (p.ex. v\u00eddeos, imatges, articles, etc.). El contingut incrustat des d&#8217;altres webs es comporta de la mateixa manera que si el visitant ha visitat l&#8217;altra web. Aquestes webs poden recopilar dades sobre tu, usar cookies, incrustar seguiment de tercers, i vigilar la teva interacci\u00f3 amb el contingut incrustat, incl\u00f2s el seguiment de la teva interacci\u00f3 amb el contingut incrustat si tens un compte o est\u00e0s connectat a aquesta web.  <\/p>\n<p><strong>Altres serveis:<\/strong> Certs serveis prestats a trav\u00e9s del lloc web de 080 Arquitectura poden contenir condicions particulars amb previsions espec\u00edfiques en mat\u00e8ria de protecci\u00f3 de dades personals. Es fa indispensable la seva lectura i acceptaci\u00f3 amb car\u00e0cter previ a la sol\u00b7licitud del servei de qu\u00e8 es tracti. <\/p>\n<p><strong>Finalitat i legitimaci\u00f3:<\/strong> La finalitat del tractament d&#8217; aquestes dades ser\u00e0 \u00fanicament la de prestar-te la informaci\u00f3 o serveis que ens demanis.<\/p>\n<p><strong>Xarxes socials<\/strong><br \/><strong>Pres\u00e8ncia en xarxes:<\/strong> 080 Arquitectura compta amb perfils en algunes de les principals xarxes socials d&#8217;Internet.<br \/><strong>Finalitat i legitimaci\u00f3:<\/strong> El tractament que 080 Arquitectura dur\u00e0 a terme amb les dades dins de cadascuna de les referides xarxes ser\u00e0, com a m\u00e0xim, el que la xarxa social permeti als perfils corporatius. Aix\u00ed doncs, 080 Arquitectura podr\u00e0 informar, quan la llei no ho prohibeixi, als seus seguidors per qualsevol via que la xarxa social permeti sobre les seves activitats, pon\u00e8ncies, ofertes, aix\u00ed com prestar servei personalitzat d&#8217; atenci\u00f3 al client. <br \/><strong>Extracci\u00f3 de dades:<\/strong> En cap cas 080 Arquitectura extraur\u00e0 dades de les xarxes socials, llevat que s&#8217; obtingu\u00e9s puntualment i expressament el consentiment de l&#8217; usuari per a aix\u00f2.<br \/><strong>Drets:<\/strong> Quan, a causa de la pr\u00f2pia naturalesa de les xarxes socials, l&#8217; exercici efectiu dels drets de protecci\u00f3 de dades del seguidor quedi supeditat a la modificaci\u00f3 del perfil personal d&#8217; aquest, 080 Arquitectura t&#8217; ajudar\u00e0 i aconsellar\u00e0 amb aquesta finalitat en la mesura de les seves possibilitats.<\/p>\n<p><strong>Encarregats del tractament fora de la UE<\/strong><\/p>\n<p><strong>Emmagatzematge i xifrat:<\/strong> 080 Arquitectura utilitza serveis d&#8217;emmagatzematge xifrat de Google Inc a trav\u00e9s de Google Drive.<br \/><strong>Correu electr\u00f2nic:<\/strong> El servei de correu electr\u00f2nic de 080 Arquitectura es presta usant els serveis de Google Inc. a trav\u00e9s de Google Apps. <br \/><strong>Xarxes Socials:<\/strong> 080 Arquitectura fa \u00fas de les xarxes socials estatunidenques YouTube, Facebook, Twitter, Google+, Instagram i LinkedIn, a qui es realitza una transfer\u00e8ncia internacional de dades, de tipus anal\u00edtics i t\u00e8cnics en relaci\u00f3 amb el lloc web. Les dades s\u00f3n tractades en els seus servidors. <br \/><strong>Prestadors de pagament:<\/strong> Actualment 080 Arquitectura no t\u00e9 activats mecanismes de pagament online.<\/p>\n<p><strong>Compromisos i obligacions amb els nostres usuaris<\/strong><\/p>\n<p>L&#8217;acc\u00e9s i\/o \u00fas de 080 Arquitectura atribueix a qui el realitza la condici\u00f3 d&#8217;usuari, acceptant, des d&#8217;aquest mateix moment, plenament i sense cap reserva, el present av\u00eds legal en relaci\u00f3 amb determinats serveis i continguts de 080 Arquitectura.<\/p>\n<p>En la utilitzaci\u00f3 de 080 Arquitectura l&#8217; usuari es compromet a no dur a terme cap conducta que pogu\u00e9s danyar la imatge, els interessos i els drets de 080 Arquitectura o de tercers o que pogu\u00e9s danyar, inutilitzar o sobrecarregar el portal de 080 Arquitectura o que imped\u00eds, de qualsevol forma, la normal utilitzaci\u00f3 del mateix.<\/p>\n<p><span style=\"text-align: var(--text-align); font-family: var( --e-global-typography-text-font-family ), Sans-serif; font-size: var( --e-global-typography-text-font-size ); font-weight: var( --e-global-typography-text-font-weight );\"> <\/span><\/p>\n\t\t\t\t\t\t\t\t<\/div>\n\t\t\t\t<\/div>\n\t\t\t\t\t<\/div>\n\t\t\t\t<\/div>\n\t\t\t\t<\/div>\n\t\t","protected":false},"excerpt":{"rendered":"<p>TITULAR DE LA WEB Denominaci\u00f3 social \u00e9s: 080 Arquitectura.CIF: B65326795Domicili social \u00e9s: Carrer Moi\u00e0, 16, entre 1a, 08006 \u2013 BarcelonaCorreu electr\u00f2nic: info@080arq.com RESPONSABLE DEL TRACTAMENT Dades de contacte del responsable: 080 Arquitectura i correu electr\u00f2nic de contacte info@080arq.com ELS TEUS DRETS DE PROTECCI\u00d3 DE DADES Com exercitar els teus drets: Pots dirigir una comunicaci\u00f3 per [&hellip;]<\/p>\n","protected":false},"author":1,"featured_media":0,"parent":0,"menu_order":0,"comment_status":"closed","ping_status":"open","template":"","meta":{"_acf_changed":false,"footnotes":""},"class_list":["post-2958","page","type-page","status-publish","hentry"],"acf":[],"_links":{"self":[{"href":"https:\/\/080arq.com\/ca\/wp-json\/wp\/v2\/pages\/2958","targetHints":{"allow":["GET"]}}],"collection":[{"href":"https:\/\/080arq.com\/ca\/wp-json\/wp\/v2\/pages"}],"about":[{"href":"https:\/\/080arq.com\/ca\/wp-json\/wp\/v2\/types\/page"}],"author":[{"embeddable":true,"href":"https:\/\/080arq.com\/ca\/wp-json\/wp\/v2\/users\/1"}],"replies":[{"embeddable":true,"href":"https:\/\/080arq.com\/ca\/wp-json\/wp\/v2\/comments?post=2958"}],"version-history":[{"count":2,"href":"https:\/\/080arq.com\/ca\/wp-json\/wp\/v2\/pages\/2958\/revisions"}],"predecessor-version":[{"id":3129,"href":"https:\/\/080arq.com\/ca\/wp-json\/wp\/v2\/pages\/2958\/revisions\/3129"}],"wp:attachment":[{"href":"https:\/\/080arq.com\/ca\/wp-json\/wp\/v2\/media?parent=2958"}],"curies":[{"name":"wp","href":"https:\/\/api.w.org\/{rel}","templated":true}]}}